{"id":1133,"date":"2024-07-29T13:18:05","date_gmt":"2024-07-29T11:18:05","guid":{"rendered":"https:\/\/agenturvergleich24.com\/nadruk\/"},"modified":"2024-09-19T13:05:38","modified_gmt":"2024-09-19T11:05:38","slug":"nadruk","status":"publish","type":"page","link":"https:\/\/agenturvergleich24.com\/pl\/nadruk\/","title":{"rendered":"Nadruk"},"content":{"rendered":"\t\t<div data-elementor-type=\"wp-page\" data-elementor-id=\"1133\" class=\"elementor elementor-1133 elementor-452\" data-elementor-post-type=\"page\">\n\t\t\t\t<div class=\"elementor-element elementor-element-95dbb8b e-flex e-con-boxed e-con e-parent\" data-id=\"95dbb8b\" data-element_type=\"container\" data-settings=\"{&quot;background_background&quot;:&quot;classic&quot;}\">\n\t\t\t\t\t<div class=\"e-con-inner\">\n\t\t\t\t<div class=\"elementor-element elementor-element-fe646ca elementor-widget elementor-widget-text-editor\" data-id=\"fe646ca\" data-element_type=\"widget\" data-widget_type=\"text-editor.default\">\n\t\t\t\t<div class=\"elementor-widget-container\">\n\t\t\t\t\t\t\t\t\t<h1>Nadruk:<\/h1>\n<\/p>\n<p>Wydawca:<br \/>belboon GmbH<\/p>\n<p>Weinmeisterstr. 12-14<br \/>10178 Berlin<br \/>Niemcy <\/p>\n<p>Tel: 0049 (0)30 32 29 65-120<br \/>E-mail: support@belboon.com<\/p>\n<p>Forma prawna: GmbH<br \/>Rejestr handlowy: S\u0105d lokalny w Berlinie (Charlottenburg), HRB 163204<br \/>Numer identyfikacyjny podatku od warto\u015bci dodanej: DE297588333<\/p>\n<p>Dyrektor zarz\u0105dzaj\u0105cy:<br \/>Christian B\u00fcnder<\/p>\n\t\t\t\t\t\t\t\t<\/div>\n\t\t\t\t<\/div>\n\t\t\t\t\t<\/div>\n\t\t\t\t<\/div>\n\t\t\t\t<\/div>\n\t\t","protected":false},"excerpt":{"rendered":"<p>Nadruk: Wydawca:belboon GmbH Weinmeisterstr. 12-1410178 BerlinNiemcy Tel: 0049 (0)30 32 29 65-120E-mail: support@belboon.com Forma prawna: GmbHRejestr handlowy: S\u0105d lokalny w Berlinie (Charlottenburg), HRB 163204Numer identyfikacyjny podatku od warto\u015bci dodanej: DE297588333 Dyrektor zarz\u0105dzaj\u0105cy:Christian B\u00fcnder<\/p>\n","protected":false},"author":1,"featured_media":0,"parent":0,"menu_order":0,"comment_status":"closed","ping_status":"closed","template":"elementor_header_footer","meta":{"_acf_changed":false,"footnotes":""},"class_list":["post-1133","page","type-page","status-publish","hentry"],"acf":[],"yoast_head":"<!-- This site is optimized with the Yoast SEO plugin v25.2 - https:\/\/yoast.com\/wordpress\/plugins\/seo\/ -->\n<title>Nadruk - Informacje prawne | agenturvergleich24<\/title>\n<meta name=\"description\" content=\"Odwied\u017a odcisk agenturvergleich24, aby uzyska\u0107 wszystkie informacje prawne. Dowiedz si\u0119 wi\u0119cej o obowi\u0105zuj\u0105cych warunkach ramowych.\" \/>\n<meta name=\"robots\" content=\"noindex, follow\" \/>\n<meta property=\"og:locale\" content=\"pl_PL\" \/>\n<meta property=\"og:type\" content=\"article\" \/>\n<meta property=\"og:title\" content=\"Nadruk - Informacje prawne | agenturvergleich24\" \/>\n<meta property=\"og:description\" content=\"Odwied\u017a odcisk agenturvergleich24, aby uzyska\u0107 wszystkie informacje prawne. Dowiedz si\u0119 wi\u0119cej o obowi\u0105zuj\u0105cych warunkach ramowych.\" \/>\n<meta property=\"og:url\" content=\"https:\/\/agenturvergleich24.com\/impressum\/\" \/>\n<meta property=\"og:site_name\" content=\"agenturvergleich24\" \/>\n<meta property=\"article:modified_time\" content=\"2024-09-19T11:05:38+00:00\" \/>\n<meta name=\"twitter:card\" content=\"summary_large_image\" \/>\n<script type=\"application\/ld+json\" class=\"yoast-schema-graph\">{\"@context\":\"https:\/\/schema.org\",\"@graph\":[{\"@type\":\"WebPage\",\"@id\":\"https:\/\/agenturvergleich24.com\/impressum\/\",\"url\":\"https:\/\/agenturvergleich24.com\/impressum\/\",\"name\":\"Nadruk - Informacje prawne | agenturvergleich24\",\"isPartOf\":{\"@id\":\"https:\/\/agenturvergleich24.com\/#website\"},\"datePublished\":\"2024-07-29T11:18:05+00:00\",\"dateModified\":\"2024-09-19T11:05:38+00:00\",\"description\":\"Odwied\u017a odcisk agenturvergleich24, aby uzyska\u0107 wszystkie informacje prawne. Dowiedz si\u0119 wi\u0119cej o obowi\u0105zuj\u0105cych warunkach ramowych.\",\"breadcrumb\":{\"@id\":\"https:\/\/agenturvergleich24.com\/impressum\/#breadcrumb\"},\"inLanguage\":\"pl-PL\",\"potentialAction\":[{\"@type\":\"ReadAction\",\"target\":[\"https:\/\/agenturvergleich24.com\/impressum\/\"]}]},{\"@type\":\"BreadcrumbList\",\"@id\":\"https:\/\/agenturvergleich24.com\/impressum\/#breadcrumb\",\"itemListElement\":[{\"@type\":\"ListItem\",\"position\":1,\"name\":\"Startseite\",\"item\":\"https:\/\/agenturvergleich24.com\/\"},{\"@type\":\"ListItem\",\"position\":2,\"name\":\"Nadruk\"}]},{\"@type\":\"WebSite\",\"@id\":\"https:\/\/agenturvergleich24.com\/#website\",\"url\":\"https:\/\/agenturvergleich24.com\/\",\"name\":\"agenturvergleich24\",\"description\":\"Der einfachste Weg, Ihre Agentur zu finden\",\"publisher\":{\"@id\":\"https:\/\/agenturvergleich24.com\/#organization\"},\"potentialAction\":[{\"@type\":\"SearchAction\",\"target\":{\"@type\":\"EntryPoint\",\"urlTemplate\":\"https:\/\/agenturvergleich24.com\/?s={search_term_string}\"},\"query-input\":{\"@type\":\"PropertyValueSpecification\",\"valueRequired\":true,\"valueName\":\"search_term_string\"}}],\"inLanguage\":\"pl-PL\"},{\"@type\":\"Organization\",\"@id\":\"https:\/\/agenturvergleich24.com\/#organization\",\"name\":\"agenturvergleich24\",\"url\":\"https:\/\/agenturvergleich24.com\/\",\"logo\":{\"@type\":\"ImageObject\",\"inLanguage\":\"pl-PL\",\"@id\":\"https:\/\/agenturvergleich24.com\/#\/schema\/logo\/image\/\",\"url\":\"https:\/\/agenturvergleich24.com\/wp-content\/uploads\/2023\/11\/agenturvergleich24-.svg\",\"contentUrl\":\"https:\/\/agenturvergleich24.com\/wp-content\/uploads\/2023\/11\/agenturvergleich24-.svg\",\"caption\":\"agenturvergleich24\"},\"image\":{\"@id\":\"https:\/\/agenturvergleich24.com\/#\/schema\/logo\/image\/\"}}]}<\/script>\n<!-- \/ Yoast SEO plugin. -->","yoast_head_json":{"title":"Nadruk - Informacje prawne | agenturvergleich24","description":"Odwied\u017a odcisk agenturvergleich24, aby uzyska\u0107 wszystkie informacje prawne. Dowiedz si\u0119 wi\u0119cej o obowi\u0105zuj\u0105cych warunkach ramowych.","robots":{"index":"noindex","follow":"follow"},"og_locale":"pl_PL","og_type":"article","og_title":"Nadruk - Informacje prawne | agenturvergleich24","og_description":"Odwied\u017a odcisk agenturvergleich24, aby uzyska\u0107 wszystkie informacje prawne. Dowiedz si\u0119 wi\u0119cej o obowi\u0105zuj\u0105cych warunkach ramowych.","og_url":"https:\/\/agenturvergleich24.com\/impressum\/","og_site_name":"agenturvergleich24","article_modified_time":"2024-09-19T11:05:38+00:00","twitter_card":"summary_large_image","schema":{"@context":"https:\/\/schema.org","@graph":[{"@type":"WebPage","@id":"https:\/\/agenturvergleich24.com\/impressum\/","url":"https:\/\/agenturvergleich24.com\/impressum\/","name":"Nadruk - Informacje prawne | agenturvergleich24","isPartOf":{"@id":"https:\/\/agenturvergleich24.com\/#website"},"datePublished":"2024-07-29T11:18:05+00:00","dateModified":"2024-09-19T11:05:38+00:00","description":"Odwied\u017a odcisk agenturvergleich24, aby uzyska\u0107 wszystkie informacje prawne. Dowiedz si\u0119 wi\u0119cej o obowi\u0105zuj\u0105cych warunkach ramowych.","breadcrumb":{"@id":"https:\/\/agenturvergleich24.com\/impressum\/#breadcrumb"},"inLanguage":"pl-PL","potentialAction":[{"@type":"ReadAction","target":["https:\/\/agenturvergleich24.com\/impressum\/"]}]},{"@type":"BreadcrumbList","@id":"https:\/\/agenturvergleich24.com\/impressum\/#breadcrumb","itemListElement":[{"@type":"ListItem","position":1,"name":"Startseite","item":"https:\/\/agenturvergleich24.com\/"},{"@type":"ListItem","position":2,"name":"Nadruk"}]},{"@type":"WebSite","@id":"https:\/\/agenturvergleich24.com\/#website","url":"https:\/\/agenturvergleich24.com\/","name":"agenturvergleich24","description":"Der einfachste Weg, Ihre Agentur zu finden","publisher":{"@id":"https:\/\/agenturvergleich24.com\/#organization"},"potentialAction":[{"@type":"SearchAction","target":{"@type":"EntryPoint","urlTemplate":"https:\/\/agenturvergleich24.com\/?s={search_term_string}"},"query-input":{"@type":"PropertyValueSpecification","valueRequired":true,"valueName":"search_term_string"}}],"inLanguage":"pl-PL"},{"@type":"Organization","@id":"https:\/\/agenturvergleich24.com\/#organization","name":"agenturvergleich24","url":"https:\/\/agenturvergleich24.com\/","logo":{"@type":"ImageObject","inLanguage":"pl-PL","@id":"https:\/\/agenturvergleich24.com\/#\/schema\/logo\/image\/","url":"https:\/\/agenturvergleich24.com\/wp-content\/uploads\/2023\/11\/agenturvergleich24-.svg","contentUrl":"https:\/\/agenturvergleich24.com\/wp-content\/uploads\/2023\/11\/agenturvergleich24-.svg","caption":"agenturvergleich24"},"image":{"@id":"https:\/\/agenturvergleich24.com\/#\/schema\/logo\/image\/"}}]}},"_links":{"self":[{"href":"https:\/\/agenturvergleich24.com\/pl\/wp-json\/wp\/v2\/pages\/1133","targetHints":{"allow":["GET"]}}],"collection":[{"href":"https:\/\/agenturvergleich24.com\/pl\/wp-json\/wp\/v2\/pages"}],"about":[{"href":"https:\/\/agenturvergleich24.com\/pl\/wp-json\/wp\/v2\/types\/page"}],"author":[{"embeddable":true,"href":"https:\/\/agenturvergleich24.com\/pl\/wp-json\/wp\/v2\/users\/1"}],"replies":[{"embeddable":true,"href":"https:\/\/agenturvergleich24.com\/pl\/wp-json\/wp\/v2\/comments?post=1133"}],"version-history":[{"count":1,"href":"https:\/\/agenturvergleich24.com\/pl\/wp-json\/wp\/v2\/pages\/1133\/revisions"}],"predecessor-version":[{"id":1134,"href":"https:\/\/agenturvergleich24.com\/pl\/wp-json\/wp\/v2\/pages\/1133\/revisions\/1134"}],"wp:attachment":[{"href":"https:\/\/agenturvergleich24.com\/pl\/wp-json\/wp\/v2\/media?parent=1133"}],"curies":[{"name":"wp","href":"https:\/\/api.w.org\/{rel}","templated":true}]}}